{"id":7956,"date":"2024-10-16T10:45:38","date_gmt":"2024-10-16T09:45:38","guid":{"rendered":"http:\/\/ordinoresidentialmountainresort.com\/?page_id=7956"},"modified":"2025-07-23T15:06:15","modified_gmt":"2025-07-23T14:06:15","slug":"colis-3","status":"publish","type":"page","link":"https:\/\/ordinoresidentialmountainresort.com\/fr\/urbanizacion-de-lujo-en-andorra-parcela\/","title":{"rendered":"URBANISATION DE LUXE EN ANDORRE (parcelle)"},"content":{"rendered":"<p>[et_pb_section fb_built=\u00bb1&#8243; fullwidth=\u00bbon\u00bb admin_label=\u00bbHeader Section\u00bb _builder_version=\u00bb4.27.2&#8243; background_color=\u00bb#000000&#8243; custom_margin=\u00bb0px|||\u00bb custom_padding=\u00bb0px|||\u00bb bottom_divider_height=\u00bb50px\u00bb border_width_top=\u00bb8px\u00bb border_color_top=\u00bb#c79e5c\u00bb locked=\u00bboff\u00bb global_colors_info=\u00bb{}\u00bb][et_pb_fullwidth_header title=\u00bburbanizaci\u00f3n de lujo en andorra\u00bb subhead=\u00bbExcelente ubicaci\u00f3n para la promoci\u00f3n residencial exclusiva, una urbanizaci\u00f3n de lujo en Andorra donde se respira tranquilidad y exclusividad\u00bb text_orientation=\u00bbcenter\u00bb background_overlay_color=\u00bbrgba(0,0,0,0.4)\u00bb content_max_width_last_edited=\u00bboff|desktop\u00bb admin_label=\u00bbContents\u00bb _builder_version=\u00bb4.27.2&#8243; title_font=\u00bbOswald|||on|\u00bb title_text_align=\u00bbcenter\u00bb title_font_size=\u00bb80px\u00bb title_letter_spacing=\u00bb0.1em\u00bb title_line_height=\u00bb1.5em\u00bb content_font=\u00bb||||||||\u00bb subhead_font=\u00bbNunito|600|||||||\u00bb subhead_font_size=\u00bb20px\u00bb subhead_line_height=\u00bb1.9em\u00bb background_color=\u00bbrgba(0,0,0,0.46)\u00bb background_image=\u00bbhttps:\/\/ordinoresidentialmountainresort.com\/wp-content\/uploads\/2023\/11\/bloque-villas-4-6.jpg\u00bb background_blend=\u00bbdarken\u00bb custom_button_one=\u00bbon\u00bb button_one_text_size=\u00bb15px\u00bb button_one_bg_color=\u00bb#dca57d\u00bb button_one_border_width=\u00bb10px\u00bb button_one_border_color=\u00bb#dca57d\u00bb button_one_border_radius=\u00bb0px\u00bb button_one_letter_spacing=\u00bb3px\u00bb button_one_font=\u00bbOswald|||on|\u00bb button_one_use_icon=\u00bboff\u00bb custom_margin=\u00bb|||\u00bb custom_padding=\u00bb6%||12%|||\u00bb animation_style=\u00bbfade\u00bb animation_starting_opacity=\u00bb50%\u00bb animation_speed_curve=\u00bbease-in\u00bb title_font_size_tablet=\u00bb60px\u00bb title_font_size_phone=\u00bb40px\u00bb title_font_size_last_edited=\u00bbon|phone\u00bb content_font_size_tablet=\u00bb\u00bb content_font_size_phone=\u00bb\u00bb content_font_size_last_edited=\u00bbon|tablet\u00bb subhead_font_size_tablet=\u00bb15px\u00bb subhead_font_size_phone=\u00bb\u00bb subhead_font_size_last_edited=\u00bbon|tablet\u00bb button_one_border_color_hover=\u00bb#c99872&#8243; button_one_border_radius_hover=\u00bb0px\u00bb button_one_letter_spacing_hover=\u00bb3px\u00bb button_one_bg_color_hover=\u00bb#c99872&#8243; global_colors_info=\u00bb{}\u00bb button_one_text_size__hover_enabled=\u00bboff\u00bb button_two_text_size__hover_enabled=\u00bboff\u00bb button_one_text_color__hover_enabled=\u00bboff\u00bb button_two_text_color__hover_enabled=\u00bboff\u00bb button_one_border_width__hover_enabled=\u00bboff\u00bb button_two_border_width__hover_enabled=\u00bboff\u00bb button_one_border_color__hover_enabled=\u00bbon\u00bb button_one_border_color__hover=\u00bb#c99872&#8243; button_two_border_color__hover_enabled=\u00bboff\u00bb button_one_border_radius__hover_enabled=\u00bbon\u00bb button_one_border_radius__hover=\u00bb0px\u00bb button_two_border_radius__hover_enabled=\u00bboff\u00bb button_one_letter_spacing__hover_enabled=\u00bbon\u00bb button_one_letter_spacing__hover=\u00bb3px\u00bb button_two_letter_spacing__hover_enabled=\u00bboff\u00bb button_one_bg_color__hover_enabled=\u00bbon\u00bb button_one_bg_color__hover=\u00bb#c99872&#8243; button_two_bg_color__hover_enabled=\u00bboff\u00bb][\/et_pb_fullwidth_header][\/et_pb_section][et_pb_section fb_built=\u00bb1&#8243; admin_label=\u00bbGallery Section\u00bb _builder_version=\u00bb4.16&#8243; custom_padding=\u00bb47px|0px|13px|0px\u00bb global_colors_info=\u00bb{}\u00bb][et_pb_row column_structure=\u00bb1_3,1_3,1_3&#8243; _builder_version=\u00bb4.16&#8243; background_size=\u00bbinitial\u00bb background_position=\u00bbtop_left\u00bb background_repeat=\u00bbrepeat\u00bb global_colors_info=\u00bb{}\u00bb][et_pb_column type=\u00bb1_3&#8243; _builder_version=\u00bb4.16&#8243; custom_padding=\u00bb|||\u00bb global_colors_info=\u00bb{}\u00bb custom_padding__hover=\u00bb|||\u00bb][et_pb_divider color=\u00bb#494949&#8243; divider_position=\u00bbbottom\u00bb disabled_on=\u00bbon|on|off\u00bb _builder_version=\u00bb4.16&#8243; global_colors_info=\u00bb{}\u00bb][\/et_pb_divider][\/et_pb_column][et_pb_column type=\u00bb1_3&#8243; _builder_version=\u00bb4.16&#8243; custom_padding=\u00bb|||\u00bb global_colors_info=\u00bb{}\u00bb custom_padding__hover=\u00bb|||\u00bb][et_pb_text admin_label=\u00bbTittle\u00bb _builder_version=\u00bb4.27.2&#8243; header_2_font=\u00bbOswald|||on|||||\u00bb header_2_text_align=\u00bbcenter\u00bb header_2_font_size=\u00bb40px\u00bb header_2_letter_spacing=\u00bb1px\u00bb header_2_line_height=\u00bb1.5em\u00bb max_width=\u00bb600px\u00bb module_alignment=\u00bbcenter\u00bb custom_margin_tablet=\u00bb-54px|||\u00bb custom_margin_phone=\u00bb-51px|||\u00bb custom_margin_last_edited=\u00bbon|phone\u00bb animation_style=\u00bbroll\u00bb global_colors_info=\u00bb{}\u00bb]<\/p>\n<h2 style=\"text-align: center;\"><strong><span style=\"font-size: large;\">URBANIZACI\u00d3N DE LUJO EN ANDORRA<\/span>\u00a0<\/strong><\/h2>\n<h2 style=\"text-align: center;\"><strong>PARCELA<\/strong><\/h2>\n<p>[\/et_pb_text][\/et_pb_column][et_pb_column type=\u00bb1_3&#8243; _builder_version=\u00bb4.16&#8243; custom_padding=\u00bb|||\u00bb global_colors_info=\u00bb{}\u00bb custom_padding__hover=\u00bb|||\u00bb][et_pb_divider color=\u00bb#494949&#8243; divider_position=\u00bbbottom\u00bb _builder_version=\u00bb4.16&#8243; custom_margin_tablet=\u00bb-34px|||\u00bb custom_margin_phone=\u00bb-54px|||\u00bb custom_margin_last_edited=\u00bbon|phone\u00bb global_colors_info=\u00bb{}\u00bb][\/et_pb_divider][\/et_pb_column][\/et_pb_row][et_pb_row _builder_version=\u00bb4.16&#8243; background_size=\u00bbinitial\u00bb background_position=\u00bbtop_left\u00bb background_repeat=\u00bbrepeat\u00bb custom_margin_tablet=\u00bb-64px|||\u00bb custom_margin_phone=\u00bb\u00bb custom_margin_last_edited=\u00bbon|phone\u00bb global_colors_info=\u00bb{}\u00bb][et_pb_column type=\u00bb4_4&#8243; _builder_version=\u00bb4.16&#8243; custom_padding=\u00bb|||\u00bb global_colors_info=\u00bb{}\u00bb custom_padding__hover=\u00bb|||\u00bb][et_pb_text disabled_on=\u00bboff|off|off\u00bb admin_label=\u00bbSubtittle\u00bb _builder_version=\u00bb4.27.2&#8243; text_font=\u00bbNunito||||||||\u00bb text_text_color=\u00bb#787070&#8243; text_font_size=\u00bb18px\u00bb text_line_height=\u00bb1.8em\u00bb header_font=\u00bbOswald||||\u00bb header_font_size=\u00bb16px\u00bb header_letter_spacing=\u00bb2px\u00bb header_line_height=\u00bb1.7em\u00bb max_width=\u00bb1000px\u00bb max_width_tablet=\u00bb\u00bb max_width_phone=\u00bb\u00bb max_width_last_edited=\u00bbon|desktop\u00bb module_alignment=\u00bbcenter\u00bb custom_margin=\u00bb9px|||\u00bb custom_padding=\u00bb||0px|||\u00bb animation_style=\u00bbfade\u00bb animation_delay=\u00bb100ms\u00bb global_colors_info=\u00bb{}\u00bb]<\/p>\n<p>El solar est\u00e1 ubicado en la <strong>Urbanizaci\u00f3n El Mirador<\/strong>, del distinguido pueblo de Ordino, una <strong>urbanizaci\u00f3n de lujo en Andorra<\/strong> consolidada, conocida por ser el destino preferido de numerosos empresarios acaudalados, deportistas de \u00e9lite y personajes famosos. Esta parroquia cuenta con un gran n\u00famero de residentes internacionales, lo que le confiere un marcado <strong>car\u00e1cter exclusivo<\/strong> y un <strong>sello de distinci\u00f3n<\/strong>. <strong>Ordino<\/strong> es la parroquia con mayor poder adquisitivo, siendo un enclave muy atractivo tanto a nivel nacional como internacional para adquirir una <strong>residencia de lujo<\/strong>.<\/p>\n<p>En esta excelente ubicaci\u00f3n, se presenta un solar ideal para desarrollar una <strong>promoci\u00f3n residencial de lujo<\/strong>. El proyecto estar\u00e1 compuesto por un conjunto privado de 6 edificios con distintas alturas, en un concepto exclusivo, dentro de una <strong>urbanizaci\u00f3n privada de alta monta\u00f1a<\/strong>.<\/p>\n<p>[\/et_pb_text][\/et_pb_column][\/et_pb_row][et_pb_row column_structure=\u00bb1_2,1_2&#8243; _builder_version=\u00bb4.16&#8243; background_size=\u00bbinitial\u00bb background_position=\u00bbtop_left\u00bb background_repeat=\u00bbrepeat\u00bb global_colors_info=\u00bb{}\u00bb][et_pb_column type=\u00bb1_2&#8243; _builder_version=\u00bb4.16&#8243; custom_padding=\u00bb|||\u00bb global_colors_info=\u00bb{}\u00bb custom_padding__hover=\u00bb|||\u00bb][et_pb_text disabled_on=\u00bboff|off|off\u00bb admin_label=\u00bbSubtittle\u00bb _builder_version=\u00bb4.16&#8243; text_font=\u00bbNunito||||||||\u00bb text_text_color=\u00bb#787070&#8243; text_font_size=\u00bb18px\u00bb text_line_height=\u00bb1.8em\u00bb header_font=\u00bbOswald||||\u00bb header_font_size=\u00bb16px\u00bb header_letter_spacing=\u00bb2px\u00bb header_line_height=\u00bb1.7em\u00bb max_width=\u00bb1000px\u00bb max_width_tablet=\u00bb\u00bb max_width_phone=\u00bb\u00bb max_width_last_edited=\u00bbon|desktop\u00bb module_alignment=\u00bbcenter\u00bb custom_margin=\u00bb9px|||\u00bb custom_padding=\u00bb|||41px||\u00bb animation_style=\u00bbfade\u00bb animation_delay=\u00bb100ms\u00bb global_colors_info=\u00bb{}\u00bb]<\/p>\n<div class=\"flex max-w-full flex-col flex-grow\">\n<div data-message-author-role=\"assistant\" data-message-id=\"9dd9ed26-6283-4836-98f8-a4151d480745\" dir=\"auto\" class=\"min-h-8 text-message flex w-full flex-col items-end gap-2 whitespace-normal break-words [.text-message+&amp;]:mt-5\" data-message-model-slug=\"gpt-4o\">\n<div class=\"flex w-full flex-col gap-1 empty:hidden first:pt-[3px]\">\n<div class=\"markdown prose w-full break-words dark:prose-invert light\">\n<p>Este <strong>conjunto residencial \u00fanico<\/strong> estar\u00e1 situado en una parcela de 5.320 m\u00b2 y contar\u00e1 con una superficie sobre rasante de 6.750 m\u00b2, con <strong>acceso propio<\/strong> y entrada privada, garantizando la m\u00e1xima exclusividad para sus residentes.<\/p>\n<p><span style=\"font-size: 18px;\">El complejo, de planta baja y dos o tres alturas, dispondr\u00e1 de amenities tales como: <strong>piscina climatizada, zonas verdes, complementos infantiles, servicio privado de recogida de residuos y conserje\/vigilante<\/strong>, confiri\u00e9ndole la exclusividad y distinci\u00f3n hasta ahora ausentes en otras promociones de la Parroquia.<\/span><\/p>\n<\/div>\n<\/div>\n<\/div>\n<\/div>\n<p>[\/et_pb_text][\/et_pb_column][et_pb_column type=\u00bb1_2&#8243; _builder_version=\u00bb4.16&#8243; custom_padding=\u00bb|||\u00bb global_colors_info=\u00bb{}\u00bb custom_padding__hover=\u00bb|||\u00bb][et_pb_image src=\u00bbhttps:\/\/ordinoresidentialmountainresort.com\/wp-content\/uploads\/2024\/01\/PHOTO-2024-01-08-14-38-33-1.jpg\u00bb alt=\u00bburbanizaci\u00f3n de lujo en andorra\u00bb title_text=\u00bburbanizaci\u00f3n de lujo en andorra\u00bb align_tablet=\u00bbcenter\u00bb align_phone=\u00bb\u00bb align_last_edited=\u00bbon|desktop\u00bb _builder_version=\u00bb4.27.2&#8243; global_colors_info=\u00bb{}\u00bb][\/et_pb_image][\/et_pb_column][\/et_pb_row][et_pb_row _builder_version=\u00bb4.16&#8243; background_size=\u00bbinitial\u00bb background_position=\u00bbtop_left\u00bb background_repeat=\u00bbrepeat\u00bb global_colors_info=\u00bb{}\u00bb][et_pb_column type=\u00bb4_4&#8243; _builder_version=\u00bb4.16&#8243; custom_padding=\u00bb|||\u00bb global_colors_info=\u00bb{}\u00bb custom_padding__hover=\u00bb|||\u00bb][et_pb_code _builder_version=\u00bb4.16&#8243; global_colors_info=\u00bb{}\u00bb]<iframe src=\"https:\/\/www.google.com\/maps\/embed?pb=!1m18!1m12!1m3!1d1473.496329776591!2d1.5268813139619817!3d42.551739978491625!2m3!1f0!2f0!3f0!3m2!1i1024!2i768!4f13.1!3m3!1m2!1s0x0%3A0x0!2zNDLCsDMzJzA2LjMiTiAxwrAzMSc0MC43IkU!5e1!3m2!1sen!2sad!4v1541674780696\" width=\"100%\" height=\"450\" frameborder=\"0\" style=\"border:0\" allowfullscreen><\/iframe>[\/et_pb_code][\/et_pb_column][\/et_pb_row][\/et_pb_section][et_pb_section fb_built=\u00bb1&#8243; fullwidth=\u00bbon\u00bb _builder_version=\u00bb4.27.4&#8243; _module_preset=\u00bbdefault\u00bb global_colors_info=\u00bb{}\u00bb theme_builder_area=\u00bbpost_content\u00bb][et_pb_fullwidth_header background_overlay_color=\u00bb#000000&#8243; _builder_version=\u00bb4.27.4&#8243; _module_preset=\u00bbdefault\u00bb background_color=\u00bbrgba(204,204,204,0)\u00bb custom_padding=\u00bb60px||44px|||\u00bb global_colors_info=\u00bb{}\u00bb theme_builder_area=\u00bbpost_content\u00bb]<\/p>\n\t\t<div data-elementor-type=\"section\" data-elementor-id=\"8602\" class=\"elementor elementor-8602\" data-elementor-post-type=\"elementor_library\">\n\t\t\t\t\t<section class=\"elementor-section elementor-top-section elementor-element elementor-element-0189550 elementor-section-boxed elementor-section-height-default elementor-section-height-default\" data-id=\"0189550\" data-element_type=\"section\" data-e-type=\"section\">\n\t\t\t\t\t\t<div class=\"elementor-container elementor-column-gap-default\">\n\t\t\t\t\t<div class=\"elementor-column elementor-col-50 elementor-top-column elementor-element elementor-element-37da302\" data-id=\"37da302\" data-element_type=\"column\" data-e-type=\"column\">\n\t\t\t<div class=\"elementor-widget-wrap elementor-element-populated\">\n\t\t\t\t\t\t<div class=\"elementor-element elementor-element-fe07f76 elementor-widget elementor-widget-heading\" data-id=\"fe07f76\" data-element_type=\"widget\" data-e-type=\"widget\" data-widget_type=\"heading.default\">\n\t\t\t\t<div class=\"elementor-widget-container\">\n\t\t\t\t\t<h2 class=\"elementor-heading-title elementor-size-default\">Informaci\u00f3n<\/h2>\t\t\t\t<\/div>\n\t\t\t\t<\/div>\n\t\t\t\t<div class=\"elementor-element elementor-element-c3f3043 elementor-widget-divider--view-line elementor-widget elementor-widget-divider\" data-id=\"c3f3043\" data-element_type=\"widget\" data-e-type=\"widget\" data-widget_type=\"divider.default\">\n\t\t\t\t<div class=\"elementor-widget-container\">\n\t\t\t\t\t\t\t<div class=\"elementor-divider\">\n\t\t\t<span class=\"elementor-divider-separator\">\n\t\t\t\t\t\t<\/span>\n\t\t<\/div>\n\t\t\t\t\t\t<\/div>\n\t\t\t\t<\/div>\n\t\t\t\t<div class=\"elementor-element elementor-element-ac4c3da elementor-widget elementor-widget-text-editor\" data-id=\"ac4c3da\" data-element_type=\"widget\" data-e-type=\"widget\" data-widget_type=\"text-editor.default\">\n\t\t\t\t<div class=\"elementor-widget-container\">\n\t\t\t\t\t\t\t\t\t<p>Si deseas obtener m\u00e1s detalles sobre nuestro exclusivo proyecto residencial de casas de lujo en venta en Andorra, no dudes en contactarnos completando el siguiente formulario. Nuestro equipo estar\u00e1 encantado de responder a todas tus preguntas y te contactaremos a la brevedad posible. \u00a1Esperamos poder ayudarte a comprar la casa de tus sue\u00f1os en Andorra!<\/p>\t\t\t\t\t\t\t\t<\/div>\n\t\t\t\t<\/div>\n\t\t\t\t\t<\/div>\n\t\t<\/div>\n\t\t\t\t<div class=\"elementor-column elementor-col-50 elementor-top-column elementor-element elementor-element-22ad4ca\" data-id=\"22ad4ca\" data-element_type=\"column\" data-e-type=\"column\">\n\t\t\t<div class=\"elementor-widget-wrap elementor-element-populated\">\n\t\t\t\t\t\t<div class=\"elementor-element elementor-element-31bd051 elementor-widget elementor-widget-html\" data-id=\"31bd051\" data-element_type=\"widget\" data-e-type=\"widget\" data-widget_type=\"html.default\">\n\t\t\t\t<div class=\"elementor-widget-container\">\n\t\t\t\t\t<iframe\n    src=\"https:\/\/api.articagency.com\/widget\/form\/WVRX73Wcte5z1xIQzH8j\"\n    style=\"width:100%;height:100%;border:none;border-radius:3px\"\n    id=\"inline-WVRX73Wcte5z1xIQzH8j\" \n    data-layout=\"{'id':'INLINE'}\"\n    data-trigger-type=\"alwaysShow\"\n    data-trigger-value=\"\"\n    data-activation-type=\"alwaysActivated\"\n    data-activation-value=\"\"\n    data-deactivation-type=\"neverDeactivate\"\n    data-deactivation-value=\"\"\n    data-form-name=\"Web\"\n    data-height=\"637\"\n    data-layout-iframe-id=\"inline-WVRX73Wcte5z1xIQzH8j\"\n    data-form-id=\"WVRX73Wcte5z1xIQzH8j\"\n    title=\"Web\"\n        >\n<\/iframe>\n<script src=\"https:\/\/api.articagency.com\/js\/form_embed.js\"><\/script>\t\t\t\t<\/div>\n\t\t\t\t<\/div>\n\t\t\t\t\t<\/div>\n\t\t<\/div>\n\t\t\t\t\t<\/div>\n\t\t<\/section>\n\t\t\t\t<\/div>\n\t\t\n<p>[\/et_pb_fullwidth_header][\/et_pb_section][et_pb_section fb_built=\u00bb1&#8243; prev_background_color=\u00bb#ffffff\u00bb admin_label=\u00bbFooter\u00bb _builder_version=\u00bb4.16&#8243; background_color_gradient_direction=\u00bb90deg\u00bb background_image=\u00bbhttps:\/\/ordinoresidentialmountainresort.com\/wp-content\/uploads\/PARCELA-01.jpg\u00bb parallax=\u00bbon\u00bb custom_padding=\u00bb0px|0px|0px|0px\u00bb top_divider_style=\u00bbarrow2&#8243; top_divider_height=\u00bb107px\u00bb saved_tabs=\u00bball\u00bb locked=\u00bboff\u00bb global_colors_info=\u00bb{}\u00bb][et_pb_row column_structure=\u00bb1_2,1_2&#8243; use_custom_gutter=\u00bbon\u00bb gutter_width=\u00bb1&#8243; make_equal=\u00bbon\u00bb admin_label=\u00bbFooter Row\u00bb module_class=\u00bb et_pb_row_fullwidth\u00bb _builder_version=\u00bb4.16&#8243; width=\u00bb100%\u00bb width_tablet=\u00bb100%\u00bb width_phone=\u00bb\u00bb width_last_edited=\u00bbon|desktop\u00bb max_width=\u00bb100%\u00bb max_width_tablet=\u00bb100%\u00bb max_width_phone=\u00bb\u00bb max_width_last_edited=\u00bbon|desktop\u00bb custom_margin=\u00bb|||\u00bb custom_padding=\u00bb0px|0px|0px|0px\u00bb animation_style=\u00bbfade\u00bb make_fullwidth=\u00bbon\u00bb global_colors_info=\u00bb{}\u00bb][et_pb_column type=\u00bb1_2&#8243; _builder_version=\u00bb4.16&#8243; background_color=\u00bbrgba(0,0,0,0.6)\u00bb custom_padding=\u00bb100px|10%|100px|10%\u00bb custom_padding_tablet=\u00bb\u00bb custom_padding_phone=\u00bb\u00bb custom_padding_last_edited=\u00bbon|phone\u00bb global_colors_info=\u00bb{}\u00bb custom_padding__hover=\u00bb|||\u00bb][et_pb_text admin_label=\u00bbTittle\u00bb _builder_version=\u00bb4.16&#8243; text_font=\u00bbOswald||||\u00bb link_font=\u00bb||||||||\u00bb ul_font=\u00bb||||||||\u00bb ol_font=\u00bb||||||||\u00bb quote_font=\u00bb||||||||\u00bb header_font=\u00bb||||||||\u00bb header_2_font=\u00bbOswald|||on|||||\u00bb header_2_text_align=\u00bbleft\u00bb header_2_font_size=\u00bb40px\u00bb header_2_letter_spacing=\u00bb2px\u00bb header_2_line_height=\u00bb1.5em\u00bb background_layout=\u00bbdark\u00bb custom_margin=\u00bb||4%|\u00bb custom_margin_tablet=\u00bb57px||2%|\u00bb custom_margin_phone=\u00bb\u00bb custom_margin_last_edited=\u00bbon|phone\u00bb locked=\u00bboff\u00bb global_colors_info=\u00bb{}\u00bb]<\/p>\n<h2>URBANIZACI\u00d3N de lujo en andorra: <strong>EL MIRADOR<\/strong><\/h2>\n<p>[\/et_pb_text][et_pb_text admin_label=\u00bbTexts\u00bb _builder_version=\u00bb4.27.2&#8243; text_font=\u00bbNunito||||\u00bb text_font_size=\u00bb16px\u00bb text_line_height=\u00bb1.5em\u00bb header_font=\u00bbOswald|||on|\u00bb header_text_color=\u00bb#DCA57D\u00bb header_font_size=\u00bb16px\u00bb header_letter_spacing=\u00bb2px\u00bb header_line_height=\u00bb1.7em\u00bb header_4_font=\u00bbOswald|||on|||||\u00bb header_4_text_color=\u00bb#DCA57D\u00bb header_4_font_size=\u00bb16px\u00bb header_4_letter_spacing=\u00bb1px\u00bb header_4_line_height=\u00bb1.5em\u00bb background_layout=\u00bbdark\u00bb custom_margin=\u00bb||6%|\u00bb locked=\u00bboff\u00bb global_colors_info=\u00bb{}\u00bb]<\/p>\n<p><span style=\"color: #ffcc99;\"><strong>EXCELENTE UBICACI\u00d3N<\/strong><\/span><\/p>\n<p>Una ubicaci\u00f3n seleccionada especialmente para aprovechar toda la luz natural, y disfrutar de vistas \u00fanicas.<\/p>\n<p>[\/et_pb_text][\/et_pb_column][et_pb_column type=\u00bb1_2&#8243; _builder_version=\u00bb4.16&#8243; background_color=\u00bb#000000&#8243; custom_padding=\u00bb100px|10%|100px|10%\u00bb global_colors_info=\u00bb{}\u00bb custom_padding__hover=\u00bb|||\u00bb][et_pb_text admin_label=\u00bbTexts\u00bb _builder_version=\u00bb4.16&#8243; text_font=\u00bbOswald||||\u00bb link_font=\u00bb||||||||\u00bb ul_font=\u00bb||||||||\u00bb ol_font=\u00bb||||||||\u00bb quote_font=\u00bb||||||||\u00bb header_font=\u00bb||||||||\u00bb header_2_font=\u00bbOswald|||on|||||\u00bb header_2_text_align=\u00bbleft\u00bb header_2_font_size=\u00bb40px\u00bb header_2_letter_spacing=\u00bb2px\u00bb header_2_line_height=\u00bb1.5em\u00bb background_layout=\u00bbdark\u00bb custom_margin=\u00bb||4%|\u00bb custom_padding=\u00bb|||\u00bb locked=\u00bboff\u00bb global_colors_info=\u00bb{}\u00bb]<\/p>\n<h2>ContactO<\/h2>\n<p>[\/et_pb_text][et_pb_text admin_label=\u00bbTexts\u00bb _builder_version=\u00bb4.16&#8243; text_font=\u00bbNunito||||\u00bb text_font_size=\u00bb16px\u00bb header_font=\u00bbOswald|||on|\u00bb header_text_color=\u00bb#DCA57D\u00bb header_font_size=\u00bb16px\u00bb header_letter_spacing=\u00bb2px\u00bb header_line_height=\u00bb1.7em\u00bb header_4_font=\u00bbOswald|||on|||||\u00bb header_4_text_color=\u00bb#DCA57D\u00bb header_4_font_size=\u00bb16px\u00bb header_4_letter_spacing=\u00bb1px\u00bb header_4_line_height=\u00bb1.5em\u00bb background_layout=\u00bbdark\u00bb custom_margin=\u00bb||6%|\u00bb locked=\u00bboff\u00bb global_colors_info=\u00bb{}\u00bb]<\/p>\n<h4>TEL\u00c9FONO<\/h4>\n<p class=\"p1\">00 376 613 402<\/p>\n<p class=\"p1\">93 892 38 02<\/p>\n<p class=\"p1\">611 552 348<\/p>\n<p>[\/et_pb_text][et_pb_text admin_label=\u00bbTexts\u00bb _builder_version=\u00bb4.16&#8243; text_font=\u00bbNunito||||\u00bb text_font_size=\u00bb16px\u00bb header_font=\u00bbOswald|||on|\u00bb header_text_color=\u00bb#DCA57D\u00bb header_font_size=\u00bb16px\u00bb header_letter_spacing=\u00bb2px\u00bb header_line_height=\u00bb1.7em\u00bb header_4_font=\u00bbOswald|||on|||||\u00bb header_4_text_color=\u00bb#DCA57D\u00bb header_4_font_size=\u00bb16px\u00bb header_4_letter_spacing=\u00bb1px\u00bb header_4_line_height=\u00bb1.5em\u00bb background_layout=\u00bbdark\u00bb custom_margin=\u00bb||6%|\u00bb locked=\u00bboff\u00bb global_colors_info=\u00bb{}\u00bb]<\/p>\n<h4 id=\"h6sjid09uwf1x75bu0gzgo4dfpln74\">EMail<\/h4>\n<p class=\"p1\"><a href=\"mailto:info@ordinoresidentialmountainresort.com\"><b>info@ordinoresidentialmountainresort.com<\/b><\/a><\/p>\n<p>[\/et_pb_text][\/et_pb_column][\/et_pb_row][\/et_pb_section]<\/p>\n","protected":false},"excerpt":{"rendered":"<p>URBANIZACI\u00d3N DE LUJO EN ANDORRA\u00a0 PARCELAEl solar est\u00e1 ubicado en la Urbanizaci\u00f3n El Mirador, del distinguido pueblo de Ordino, una urbanizaci\u00f3n de lujo en Andorra consolidada, conocida por ser el destino preferido de numerosos empresarios acaudalados, deportistas de \u00e9lite y personajes famosos. Esta parroquia cuenta con un gran n\u00famero de residentes internacionales, lo que le [&hellip;]<\/p>\n","protected":false},"author":8,"featured_media":0,"parent":0,"menu_order":0,"comment_status":"closed","ping_status":"closed","template":"","meta":{"_et_pb_use_builder":"on","_et_pb_old_content":"","_et_gb_content_width":"","footnotes":""},"class_list":["post-7956","page","type-page","status-publish","hentry"],"_links":{"self":[{"href":"https:\/\/ordinoresidentialmountainresort.com\/fr\/wp-json\/wp\/v2\/pages\/7956","targetHints":{"allow":["GET"]}}],"collection":[{"href":"https:\/\/ordinoresidentialmountainresort.com\/fr\/wp-json\/wp\/v2\/pages"}],"about":[{"href":"https:\/\/ordinoresidentialmountainresort.com\/fr\/wp-json\/wp\/v2\/types\/page"}],"author":[{"embeddable":true,"href":"https:\/\/ordinoresidentialmountainresort.com\/fr\/wp-json\/wp\/v2\/users\/8"}],"replies":[{"embeddable":true,"href":"https:\/\/ordinoresidentialmountainresort.com\/fr\/wp-json\/wp\/v2\/comments?post=7956"}],"version-history":[{"count":1,"href":"https:\/\/ordinoresidentialmountainresort.com\/fr\/wp-json\/wp\/v2\/pages\/7956\/revisions"}],"predecessor-version":[{"id":8621,"href":"https:\/\/ordinoresidentialmountainresort.com\/fr\/wp-json\/wp\/v2\/pages\/7956\/revisions\/8621"}],"wp:attachment":[{"href":"https:\/\/ordinoresidentialmountainresort.com\/fr\/wp-json\/wp\/v2\/media?parent=7956"}],"curies":[{"name":"wp","href":"https:\/\/api.w.org\/{rel}","templated":true}]}}